{"id":1008,"date":"2021-01-21T18:53:12","date_gmt":"2021-01-21T18:53:12","guid":{"rendered":"http:\/\/coupdecoeurvoyage.com\/?page_id=1008"},"modified":"2023-01-21T18:09:49","modified_gmt":"2023-01-21T18:09:49","slug":"destinations","status":"publish","type":"page","link":"https:\/\/coupdecoeurvoyage.com\/index.php\/destinations\/","title":{"rendered":"Destinations"},"content":{"rendered":"\n<div id=\"wp-block-themeisle-blocks-advanced-columns-644f8b18\" class=\"wp-block-themeisle-blocks-advanced-columns has-1-columns has-desktop-equal-layout has-tablet-equal-layout hide-in-mobile has-vertical-unset\"><div class=\"wp-block-themeisle-blocks-advanced-columns-overlay\"><\/div><div class=\"innerblocks-wrap\">\n<div id=\"wp-block-themeisle-blocks-advanced-column-5d915b81\" class=\"wp-block-themeisle-blocks-advanced-column\">\n<div class=\"wp-block-interactive-geo-maps-display-map\"><div class=\"map_wrapper\" id=\"map_wrapper_797\">\n<div class=\"map_box\" style=\"max-width:2200px\">\n<div class=\"map_aspect_ratio\" style=\"padding-top:56%\" data-padding-top=\"56%\" data-padding-top-mobile=\"0%\">\n<div class=\"map_container\">\n<div class=\"map_render map_loading\" id=\"map_797\"><\/div>\n<\/div>\n<\/div>\n<\/div>\n<\/div><\/div>\n<\/div>\n<\/div><\/div>\n\n\n\n<h3 class=\"wp-block-heading\" id=\"amerique-centrale\">Am\u00e9rique centrale<\/h3>\n\n\n\n<div id=\"wp-block-themeisle-blocks-button-group-d80db6c8\" class=\"wp-block-themeisle-blocks-button-group wp-block-buttons\">\n<div id=\"wp-block-themeisle-blocks-button-ece80efe\" class=\"wp-block-themeisle-blocks-button wp-block-button\"><a href=\"https:\/\/coupdecoeurvoyage.com\/index.php\/destinations\/costa-rica\/\" target=\"_self\" rel=\"noopener noreferrer\" class=\"wp-block-button__link\"><span>COSTA RICA*<\/span><\/a><\/div>\n\n\n\n<div id=\"wp-block-themeisle-blocks-button-783c7fab\" class=\"wp-block-themeisle-blocks-button wp-block-button is-style-fill\"><a href=\"https:\/\/coupdecoeurvoyage.com\/index.php\/destinations\/nicaragua\/\" target=\"_self\" rel=\"noopener noreferrer\" class=\"wp-block-button__link\"><span>NICARAGUA*<\/span><\/a><\/div>\n<\/div>\n\n\n\n<h3 class=\"wp-block-heading\" id=\"amerique-latine\">Am\u00e9rique latine<\/h3>\n\n\n\n<div id=\"wp-block-themeisle-blocks-button-group-721a4f43\" class=\"wp-block-themeisle-blocks-button-group wp-block-buttons\">\n<div id=\"wp-block-themeisle-blocks-button-8c199c19\" class=\"wp-block-themeisle-blocks-button wp-block-button\"><a href=\"https:\/\/coupdecoeurvoyage.com\/index.php\/destinations\/chili\/\" target=\"_self\" rel=\"noopener noreferrer\" class=\"wp-block-button__link\"><span>CHILI<\/span><\/a><\/div>\n<\/div>\n\n\n\n<h3 class=\"wp-block-heading\" id=\"asie\">Asie<\/h3>\n\n\n\n<div id=\"wp-block-themeisle-blocks-button-group-f2e301fc\" class=\"wp-block-themeisle-blocks-button-group wp-block-buttons\">\n<div id=\"wp-block-themeisle-blocks-button-04c8d72e\" class=\"wp-block-themeisle-blocks-button wp-block-button\"><a href=\"https:\/\/coupdecoeurvoyage.com\/index.php\/destinations\/cambodge\/\" target=\"_self\" rel=\"noopener noreferrer\" class=\"wp-block-button__link\"><span>CAMBODGE*<\/span><\/a><\/div>\n\n\n\n<div id=\"wp-block-themeisle-blocks-button-8af54b29\" class=\"wp-block-themeisle-blocks-button wp-block-button\"><a href=\"jordanie\" target=\"_self\" rel=\"noopener noreferrer\" class=\"wp-block-button__link\"><span>JORDANIE<\/span><\/a><\/div>\n\n\n\n<div id=\"wp-block-themeisle-blocks-button-3cc3c6ce\" class=\"wp-block-themeisle-blocks-button wp-block-button\"><a href=\"https:\/\/coupdecoeurvoyage.com\/index.php\/destinations\/laos\/\" target=\"_self\" rel=\"noopener noreferrer\" class=\"wp-block-button__link\"><span>LAOS<\/span><\/a><\/div>\n\n\n\n<div id=\"wp-block-themeisle-blocks-button-a5487309\" class=\"wp-block-themeisle-blocks-button wp-block-button\"><a href=\"https:\/\/coupdecoeurvoyage.com\/index.php\/destinations\/myanmar\/\" target=\"_self\" rel=\"noopener noreferrer\" class=\"wp-block-button__link\"><span>MYANMAR*<\/span><\/a><\/div>\n\n\n\n<div id=\"wp-block-themeisle-blocks-button-40d7cd1f\" class=\"wp-block-themeisle-blocks-button wp-block-button\"><a href=\"https:\/\/coupdecoeurvoyage.com\/index.php\/destinations\/philippines\/\" target=\"_self\" rel=\"noopener noreferrer\" class=\"wp-block-button__link\"><span>PHILIPPINES*<\/span><\/a><\/div>\n<\/div>\n\n\n\n<h3 class=\"wp-block-heading\" id=\"europe\">Europe<\/h3>\n\n\n\n<div id=\"wp-block-themeisle-blocks-button-group-aa42cffa\" class=\"wp-block-themeisle-blocks-button-group wp-block-buttons\">\n<div id=\"wp-block-themeisle-blocks-button-ab7700f2\" class=\"wp-block-themeisle-blocks-button wp-block-button\"><a href=\"autriche\" target=\"_self\" rel=\"noopener noreferrer\" class=\"wp-block-button__link\"><span>AUTRICHE<\/span><\/a><\/div>\n\n\n\n<div id=\"wp-block-themeisle-blocks-button-630e167c\" class=\"wp-block-themeisle-blocks-button wp-block-button is-style-fill\"><a href=\"https:\/\/coupdecoeurvoyage.com\/index.php\/destinations\/belgique\/\" target=\"_self\" rel=\"noopener noreferrer\" class=\"wp-block-button__link\"><span>BELGIQUE<\/span><\/a><\/div>\n\n\n\n<div id=\"wp-block-themeisle-blocks-button-f6fdbdc2\" class=\"wp-block-themeisle-blocks-button wp-block-button is-style-fill\"><a href=\"https:\/\/coupdecoeurvoyage.com\/index.php\/espagne\/\" target=\"_self\" rel=\"noopener noreferrer\" class=\"wp-block-button__link\"><span>ESPAGNE<\/span><\/a><\/div>\n\n\n\n<div id=\"wp-block-themeisle-blocks-button-ea9de4d1\" class=\"wp-block-themeisle-blocks-button wp-block-button\"><a href=\"https:\/\/coupdecoeurvoyage.com\/index.php\/destinations\/france\/\" target=\"_self\" rel=\"noopener noreferrer\" class=\"wp-block-button__link\"><span>FRANCE<\/span><\/a><\/div>\n\n\n\n<div id=\"wp-block-themeisle-blocks-button-c19c33d1\" class=\"wp-block-themeisle-blocks-button wp-block-button is-style-fill\"><a href=\"italie\" target=\"_self\" rel=\"noopener noreferrer\" class=\"wp-block-button__link\"><span>ITALIE<\/span><\/a><\/div>\n\n\n\n<div id=\"wp-block-themeisle-blocks-button-69c89eb6\" class=\"wp-block-themeisle-blocks-button wp-block-button\"><a href=\"https:\/\/coupdecoeurvoyage.com\/index.php\/destinations\/montenegro\/\" target=\"_self\" rel=\"noopener noreferrer\" class=\"wp-block-button__link\"><span>MONTENEGRO<\/span><\/a><\/div>\n<\/div>\n\n\n\n<hr class=\"wp-block-separator has-css-opacity\"\/>\n\n\n\n<p><em>Les pays marqu\u00e9s d&rsquo;un * n&rsquo;ont pas encore d&rsquo;articles associ\u00e9s aux coups de c\u0153ur.<\/em><\/p>\n","protected":false},"excerpt":{"rendered":"<p>Am\u00e9rique centrale Am\u00e9rique latine Asie Europe Les pays marqu\u00e9s d&rsquo;un * n&rsquo;ont pas encore d&rsquo;articles associ\u00e9s aux coups de c\u0153ur.<\/p>\n","protected":false},"author":1,"featured_media":0,"parent":0,"menu_order":0,"comment_status":"closed","ping_status":"closed","template":"","meta":{"neve_meta_sidebar":"full-width","neve_meta_container":"","neve_meta_enable_content_width":"on","neve_meta_content_width":100,"neve_meta_title_alignment":"","neve_meta_author_avatar":"","neve_post_elements_order":"","neve_meta_disable_header":"","neve_meta_disable_footer":"","neve_meta_disable_title":"","_themeisle_gutenberg_block_has_review":false,"footnotes":""},"class_list":["post-1008","page","type-page","status-publish","hentry"],"jetpack_sharing_enabled":true,"_links":{"self":[{"href":"https:\/\/coupdecoeurvoyage.com\/index.php\/wp-json\/wp\/v2\/pages\/1008","targetHints":{"allow":["GET"]}}],"collection":[{"href":"https:\/\/coupdecoeurvoyage.com\/index.php\/wp-json\/wp\/v2\/pages"}],"about":[{"href":"https:\/\/coupdecoeurvoyage.com\/index.php\/wp-json\/wp\/v2\/types\/page"}],"author":[{"embeddable":true,"href":"https:\/\/coupdecoeurvoyage.com\/index.php\/wp-json\/wp\/v2\/users\/1"}],"replies":[{"embeddable":true,"href":"https:\/\/coupdecoeurvoyage.com\/index.php\/wp-json\/wp\/v2\/comments?post=1008"}],"version-history":[{"count":42,"href":"https:\/\/coupdecoeurvoyage.com\/index.php\/wp-json\/wp\/v2\/pages\/1008\/revisions"}],"predecessor-version":[{"id":3882,"href":"https:\/\/coupdecoeurvoyage.com\/index.php\/wp-json\/wp\/v2\/pages\/1008\/revisions\/3882"}],"wp:attachment":[{"href":"https:\/\/coupdecoeurvoyage.com\/index.php\/wp-json\/wp\/v2\/media?parent=1008"}],"curies":[{"name":"wp","href":"https:\/\/api.w.org\/{rel}","templated":true}]}}