{"id":1353,"date":"2021-01-30T19:21:15","date_gmt":"2021-01-30T19:21:15","guid":{"rendered":"http:\/\/coupdecoeurvoyage.com\/?page_id=1353"},"modified":"2021-08-29T15:45:45","modified_gmt":"2021-08-29T15:45:45","slug":"auvergne","status":"publish","type":"page","link":"https:\/\/coupdecoeurvoyage.com\/index.php\/destinations\/france\/auvergne\/","title":{"rendered":"AUVERGNE"},"content":{"rendered":"\n<div class=\"wp-block-buttons is-layout-flex wp-block-buttons-is-layout-flex\">\n<div class=\"wp-block-button\"><a class=\"wp-block-button__link\" href=\"france\">FRANCE<\/a><\/div>\n\n\n\n<div class=\"wp-block-button is-style-secondary\"><a class=\"wp-block-button__link\" href=\"auvergne-rhone-alpes\">AUVERGNE-RH\u00d4NE-ALPES<\/a><\/div>\n<\/div>\n\n\n\n<p class=\"has-neve-text-color-color has-nv-light-bg-background-color has-text-color has-background\"><em>Terre de volcans, l&rsquo;Auvergne n&rsquo;est malgr\u00e9 cela pas le 1er choix de vacances d&rsquo;\u00e9t\u00e9 en France. Elle plaira pourtant aux amoureux de la nature avides d&rsquo;une montagne accessible<\/em>.<\/p>\n\n\n\n<hr class=\"wp-block-separator\"\/>\n\n\n\n<div class=\"wp-block-columns is-layout-flex wp-container-core-columns-is-layout-9d6595d7 wp-block-columns-is-layout-flex\">\n<div class=\"wp-block-column is-layout-flow wp-block-column-is-layout-flow\">\n<figure class=\"wp-block-image size-large is-style-rounded\"><a href=\"meandre-de-queuille\"><img data-opt-id=1922811589  fetchpriority=\"high\" decoding=\"async\" width=\"1024\" height=\"681\" src=\"https:\/\/mli5vqtizrdu.i.optimole.com\/w:1024\/h:681\/q:mauto\/f:best\/https:\/\/coupdecoeurvoyage.com\/wp-content\/uploads\/2021\/01\/MeandredeQueuille.jpg\" alt=\"M\u00e9andre de Queuille\" class=\"wp-image-1312\" srcset=\"https:\/\/mli5vqtizrdu.i.optimole.com\/w:1024\/h:681\/q:mauto\/f:best\/https:\/\/coupdecoeurvoyage.com\/wp-content\/uploads\/2021\/01\/MeandredeQueuille.jpg 1024w, https:\/\/mli5vqtizrdu.i.optimole.com\/w:300\/h:199\/q:mauto\/f:best\/https:\/\/coupdecoeurvoyage.com\/wp-content\/uploads\/2021\/01\/MeandredeQueuille.jpg 300w, https:\/\/mli5vqtizrdu.i.optimole.com\/w:768\/h:511\/q:mauto\/f:best\/https:\/\/coupdecoeurvoyage.com\/wp-content\/uploads\/2021\/01\/MeandredeQueuille.jpg 768w, https:\/\/mli5vqtizrdu.i.optimole.com\/w:1504\/h:1000\/q:mauto\/f:best\/https:\/\/coupdecoeurvoyage.com\/wp-content\/uploads\/2021\/01\/MeandredeQueuille.jpg 1504w\" sizes=\"(max-width: 1024px) 100vw, 1024px\" \/><\/a><figcaption>M\u00e9andre de Queuille<\/figcaption><\/figure>\n<\/div>\n\n\n\n<div class=\"wp-block-column is-layout-flow wp-block-column-is-layout-flow\">\n<figure class=\"wp-block-image size-large is-style-rounded\"><a href=\"puy-de-sancy\"><img data-opt-id=696105216  fetchpriority=\"high\" decoding=\"async\" width=\"1024\" height=\"681\" src=\"https:\/\/mli5vqtizrdu.i.optimole.com\/w:1024\/h:681\/q:mauto\/f:best\/https:\/\/coupdecoeurvoyage.com\/wp-content\/uploads\/2021\/01\/PuydeSancy.jpg\" alt=\"Puy de Sancy\" class=\"wp-image-1317\" srcset=\"https:\/\/mli5vqtizrdu.i.optimole.com\/w:1024\/h:681\/q:mauto\/f:best\/https:\/\/coupdecoeurvoyage.com\/wp-content\/uploads\/2021\/01\/PuydeSancy.jpg 1024w, https:\/\/mli5vqtizrdu.i.optimole.com\/w:300\/h:199\/q:mauto\/f:best\/https:\/\/coupdecoeurvoyage.com\/wp-content\/uploads\/2021\/01\/PuydeSancy.jpg 300w, https:\/\/mli5vqtizrdu.i.optimole.com\/w:768\/h:511\/q:mauto\/f:best\/https:\/\/coupdecoeurvoyage.com\/wp-content\/uploads\/2021\/01\/PuydeSancy.jpg 768w, https:\/\/mli5vqtizrdu.i.optimole.com\/w:1504\/h:1000\/q:mauto\/f:best\/https:\/\/coupdecoeurvoyage.com\/wp-content\/uploads\/2021\/01\/PuydeSancy.jpg 1504w\" sizes=\"(max-width: 1024px) 100vw, 1024px\" \/><\/a><figcaption>Puy de Sancy<\/figcaption><\/figure>\n<\/div>\n\n\n\n<div class=\"wp-block-column is-layout-flow wp-block-column-is-layout-flow\">\n<figure class=\"wp-block-image size-large is-style-rounded\"><a href=\"vallee-de-chaudefour\"><img data-opt-id=2103804026  fetchpriority=\"high\" decoding=\"async\" width=\"1024\" height=\"681\" src=\"https:\/\/mli5vqtizrdu.i.optimole.com\/w:1024\/h:681\/q:mauto\/f:best\/https:\/\/coupdecoeurvoyage.com\/wp-content\/uploads\/2021\/01\/Chaudefour.jpg\" alt=\"Vall\u00e9e de Chaudefour\" class=\"wp-image-1310\" srcset=\"https:\/\/mli5vqtizrdu.i.optimole.com\/w:1024\/h:681\/q:mauto\/f:best\/https:\/\/coupdecoeurvoyage.com\/wp-content\/uploads\/2021\/01\/Chaudefour.jpg 1024w, https:\/\/mli5vqtizrdu.i.optimole.com\/w:300\/h:199\/q:mauto\/f:best\/https:\/\/coupdecoeurvoyage.com\/wp-content\/uploads\/2021\/01\/Chaudefour.jpg 300w, https:\/\/mli5vqtizrdu.i.optimole.com\/w:768\/h:511\/q:mauto\/f:best\/https:\/\/coupdecoeurvoyage.com\/wp-content\/uploads\/2021\/01\/Chaudefour.jpg 768w, https:\/\/mli5vqtizrdu.i.optimole.com\/w:1504\/h:1000\/q:mauto\/f:best\/https:\/\/coupdecoeurvoyage.com\/wp-content\/uploads\/2021\/01\/Chaudefour.jpg 1504w\" sizes=\"(max-width: 1024px) 100vw, 1024px\" \/><\/a><figcaption>Vall\u00e9e de Chaudefour<\/figcaption><\/figure>\n<\/div>\n<\/div>\n\n\n\n<div class=\"wp-block-columns is-layout-flex wp-container-core-columns-is-layout-9d6595d7 wp-block-columns-is-layout-flex\">\n<div class=\"wp-block-column is-layout-flow wp-block-column-is-layout-flow\">\n<figure class=\"wp-block-image size-large is-style-rounded\"><a href=\"puy-de-lassolas-et-puy-de-la-vache\"><img data-opt-id=1067046557  data-opt-src=\"https:\/\/mli5vqtizrdu.i.optimole.com\/w:1024\/h:681\/q:mauto\/f:best\/http:\/\/coupdecoeurvoyage.com\/wp-content\/uploads\/2021\/01\/PuydelaVache.jpg\"  loading=\"lazy\" decoding=\"async\" width=\"1024\" height=\"681\" src=\"https:\/\/mli5vqtizrdu.i.optimole.com\/w:1024\/h:681\/q:eco\/f:best\/http:\/\/coupdecoeurvoyage.com\/wp-content\/uploads\/2021\/01\/PuydelaVache.jpg\" alt=\"Puy de la Vache\" class=\"wp-image-1316\" old-srcset=\"https:\/\/mli5vqtizrdu.i.optimole.com\/w:1024\/h:681\/q:mauto\/f:best\/https:\/\/coupdecoeurvoyage.com\/wp-content\/uploads\/2021\/01\/PuydelaVache.jpg 1024w, https:\/\/mli5vqtizrdu.i.optimole.com\/w:300\/h:199\/q:mauto\/f:best\/https:\/\/coupdecoeurvoyage.com\/wp-content\/uploads\/2021\/01\/PuydelaVache.jpg 300w, https:\/\/mli5vqtizrdu.i.optimole.com\/w:768\/h:511\/q:mauto\/f:best\/https:\/\/coupdecoeurvoyage.com\/wp-content\/uploads\/2021\/01\/PuydelaVache.jpg 768w, https:\/\/mli5vqtizrdu.i.optimole.com\/w:1504\/h:1000\/q:mauto\/f:best\/https:\/\/coupdecoeurvoyage.com\/wp-content\/uploads\/2021\/01\/PuydelaVache.jpg 1504w\" \/><noscript><img data-opt-id=1067046557  loading=\"lazy\" decoding=\"async\" width=\"1024\" height=\"681\" src=\"https:\/\/mli5vqtizrdu.i.optimole.com\/w:1024\/h:681\/q:mauto\/f:best\/http:\/\/coupdecoeurvoyage.com\/wp-content\/uploads\/2021\/01\/PuydelaVache.jpg\" alt=\"Puy de la Vache\" class=\"wp-image-1316\" srcset=\"https:\/\/mli5vqtizrdu.i.optimole.com\/w:1024\/h:681\/q:mauto\/f:best\/https:\/\/coupdecoeurvoyage.com\/wp-content\/uploads\/2021\/01\/PuydelaVache.jpg 1024w, https:\/\/mli5vqtizrdu.i.optimole.com\/w:300\/h:199\/q:mauto\/f:best\/https:\/\/coupdecoeurvoyage.com\/wp-content\/uploads\/2021\/01\/PuydelaVache.jpg 300w, https:\/\/mli5vqtizrdu.i.optimole.com\/w:768\/h:511\/q:mauto\/f:best\/https:\/\/coupdecoeurvoyage.com\/wp-content\/uploads\/2021\/01\/PuydelaVache.jpg 768w, https:\/\/mli5vqtizrdu.i.optimole.com\/w:1504\/h:1000\/q:mauto\/f:best\/https:\/\/coupdecoeurvoyage.com\/wp-content\/uploads\/2021\/01\/PuydelaVache.jpg 1504w\" sizes=\"(max-width: 1024px) 100vw, 1024px\" \/></noscript><\/a><figcaption>Puy de Lassolas et Puy de la Vache<\/figcaption><\/figure>\n<\/div>\n\n\n\n<div class=\"wp-block-column is-layout-flow wp-block-column-is-layout-flow\">\n<figure class=\"wp-block-image size-large is-style-rounded\"><a href=\"puy-de-dome\"><img data-opt-id=1212792121  data-opt-src=\"https:\/\/mli5vqtizrdu.i.optimole.com\/w:1024\/h:681\/q:mauto\/f:best\/http:\/\/coupdecoeurvoyage.com\/wp-content\/uploads\/2021\/01\/PuydeDome.jpg\"  loading=\"lazy\" decoding=\"async\" width=\"1024\" height=\"681\" src=\"https:\/\/mli5vqtizrdu.i.optimole.com\/w:1024\/h:681\/q:eco\/f:best\/http:\/\/coupdecoeurvoyage.com\/wp-content\/uploads\/2021\/01\/PuydeDome.jpg\" alt=\"Puy de D\u00f4me\" class=\"wp-image-1315\" old-srcset=\"https:\/\/mli5vqtizrdu.i.optimole.com\/w:1024\/h:681\/q:mauto\/f:best\/https:\/\/coupdecoeurvoyage.com\/wp-content\/uploads\/2021\/01\/PuydeDome.jpg 1024w, https:\/\/mli5vqtizrdu.i.optimole.com\/w:300\/h:199\/q:mauto\/f:best\/https:\/\/coupdecoeurvoyage.com\/wp-content\/uploads\/2021\/01\/PuydeDome.jpg 300w, https:\/\/mli5vqtizrdu.i.optimole.com\/w:768\/h:511\/q:mauto\/f:best\/https:\/\/coupdecoeurvoyage.com\/wp-content\/uploads\/2021\/01\/PuydeDome.jpg 768w, https:\/\/mli5vqtizrdu.i.optimole.com\/w:1504\/h:1000\/q:mauto\/f:best\/https:\/\/coupdecoeurvoyage.com\/wp-content\/uploads\/2021\/01\/PuydeDome.jpg 1504w\" \/><noscript><img data-opt-id=1212792121  loading=\"lazy\" decoding=\"async\" width=\"1024\" height=\"681\" src=\"https:\/\/mli5vqtizrdu.i.optimole.com\/w:1024\/h:681\/q:mauto\/f:best\/http:\/\/coupdecoeurvoyage.com\/wp-content\/uploads\/2021\/01\/PuydeDome.jpg\" alt=\"Puy de D\u00f4me\" class=\"wp-image-1315\" srcset=\"https:\/\/mli5vqtizrdu.i.optimole.com\/w:1024\/h:681\/q:mauto\/f:best\/https:\/\/coupdecoeurvoyage.com\/wp-content\/uploads\/2021\/01\/PuydeDome.jpg 1024w, https:\/\/mli5vqtizrdu.i.optimole.com\/w:300\/h:199\/q:mauto\/f:best\/https:\/\/coupdecoeurvoyage.com\/wp-content\/uploads\/2021\/01\/PuydeDome.jpg 300w, https:\/\/mli5vqtizrdu.i.optimole.com\/w:768\/h:511\/q:mauto\/f:best\/https:\/\/coupdecoeurvoyage.com\/wp-content\/uploads\/2021\/01\/PuydeDome.jpg 768w, https:\/\/mli5vqtizrdu.i.optimole.com\/w:1504\/h:1000\/q:mauto\/f:best\/https:\/\/coupdecoeurvoyage.com\/wp-content\/uploads\/2021\/01\/PuydeDome.jpg 1504w\" sizes=\"(max-width: 1024px) 100vw, 1024px\" \/></noscript><\/a><figcaption>Puy de D\u00f4me<\/figcaption><\/figure>\n<\/div>\n\n\n\n<div class=\"wp-block-column is-layout-flow wp-block-column-is-layout-flow\">\n<figure class=\"wp-block-image size-large is-style-rounded\"><a href=\"banne-dordanche\"><img data-opt-id=771704863  data-opt-src=\"https:\/\/mli5vqtizrdu.i.optimole.com\/w:1024\/h:681\/q:mauto\/f:best\/https:\/\/coupdecoeurvoyage.com\/wp-content\/uploads\/2021\/01\/BannedOrdanche.jpg\"  loading=\"lazy\" decoding=\"async\" width=\"1024\" height=\"681\" src=\"https:\/\/mli5vqtizrdu.i.optimole.com\/w:1024\/h:681\/q:eco\/f:best\/https:\/\/coupdecoeurvoyage.com\/wp-content\/uploads\/2021\/01\/BannedOrdanche.jpg\" alt=\"Banne d'Ordanche\" class=\"wp-image-1308\" old-srcset=\"https:\/\/mli5vqtizrdu.i.optimole.com\/w:1024\/h:681\/q:mauto\/f:best\/https:\/\/coupdecoeurvoyage.com\/wp-content\/uploads\/2021\/01\/BannedOrdanche.jpg 1024w, https:\/\/mli5vqtizrdu.i.optimole.com\/w:300\/h:199\/q:mauto\/f:best\/https:\/\/coupdecoeurvoyage.com\/wp-content\/uploads\/2021\/01\/BannedOrdanche.jpg 300w, https:\/\/mli5vqtizrdu.i.optimole.com\/w:768\/h:511\/q:mauto\/f:best\/https:\/\/coupdecoeurvoyage.com\/wp-content\/uploads\/2021\/01\/BannedOrdanche.jpg 768w, https:\/\/mli5vqtizrdu.i.optimole.com\/w:1504\/h:1000\/q:mauto\/f:best\/https:\/\/coupdecoeurvoyage.com\/wp-content\/uploads\/2021\/01\/BannedOrdanche.jpg 1504w\" \/><noscript><img data-opt-id=771704863  loading=\"lazy\" decoding=\"async\" width=\"1024\" height=\"681\" src=\"https:\/\/mli5vqtizrdu.i.optimole.com\/w:1024\/h:681\/q:mauto\/f:best\/https:\/\/coupdecoeurvoyage.com\/wp-content\/uploads\/2021\/01\/BannedOrdanche.jpg\" alt=\"Banne d'Ordanche\" class=\"wp-image-1308\" srcset=\"https:\/\/mli5vqtizrdu.i.optimole.com\/w:1024\/h:681\/q:mauto\/f:best\/https:\/\/coupdecoeurvoyage.com\/wp-content\/uploads\/2021\/01\/BannedOrdanche.jpg 1024w, https:\/\/mli5vqtizrdu.i.optimole.com\/w:300\/h:199\/q:mauto\/f:best\/https:\/\/coupdecoeurvoyage.com\/wp-content\/uploads\/2021\/01\/BannedOrdanche.jpg 300w, https:\/\/mli5vqtizrdu.i.optimole.com\/w:768\/h:511\/q:mauto\/f:best\/https:\/\/coupdecoeurvoyage.com\/wp-content\/uploads\/2021\/01\/BannedOrdanche.jpg 768w, https:\/\/mli5vqtizrdu.i.optimole.com\/w:1504\/h:1000\/q:mauto\/f:best\/https:\/\/coupdecoeurvoyage.com\/wp-content\/uploads\/2021\/01\/BannedOrdanche.jpg 1504w\" sizes=\"(max-width: 1024px) 100vw, 1024px\" \/></noscript><\/a><figcaption>Banne d&rsquo;Ordanche<\/figcaption><\/figure>\n<\/div>\n<\/div>\n\n\n\n<div class=\"wp-block-columns is-layout-flex wp-container-core-columns-is-layout-9d6595d7 wp-block-columns-is-layout-flex\">\n<div class=\"wp-block-column is-layout-flow wp-block-column-is-layout-flow\">\n<figure class=\"wp-block-image size-large is-style-rounded\"><a href=\"chateau-de-val\"><img data-opt-id=585008946  data-opt-src=\"https:\/\/mli5vqtizrdu.i.optimole.com\/w:1024\/h:681\/q:mauto\/f:best\/https:\/\/coupdecoeurvoyage.com\/wp-content\/uploads\/2021\/01\/Val.jpg\"  loading=\"lazy\" decoding=\"async\" width=\"1024\" height=\"681\" src=\"https:\/\/mli5vqtizrdu.i.optimole.com\/w:1024\/h:681\/q:eco\/f:best\/https:\/\/coupdecoeurvoyage.com\/wp-content\/uploads\/2021\/01\/Val.jpg\" alt=\"Ch\u00e2teau de Val\" class=\"wp-image-1323\"\/><noscript><img data-opt-id=585008946  loading=\"lazy\" decoding=\"async\" width=\"1024\" height=\"681\" src=\"https:\/\/mli5vqtizrdu.i.optimole.com\/w:1024\/h:681\/q:mauto\/f:best\/https:\/\/coupdecoeurvoyage.com\/wp-content\/uploads\/2021\/01\/Val.jpg\" alt=\"Ch\u00e2teau de Val\" class=\"wp-image-1323\"\/></noscript><\/a><figcaption>Ch\u00e2teau de Val<\/figcaption><\/figure>\n<\/div>\n\n\n\n<div class=\"wp-block-column is-layout-flow wp-block-column-is-layout-flow\">\n<figure class=\"wp-block-image size-large is-style-rounded\"><a href=\"puy-mary\"><img data-opt-id=261795406  data-opt-src=\"https:\/\/mli5vqtizrdu.i.optimole.com\/w:1024\/h:681\/q:mauto\/f:best\/http:\/\/coupdecoeurvoyage.com\/wp-content\/uploads\/2021\/01\/PuyMary.jpg\"  loading=\"lazy\" decoding=\"async\" width=\"1024\" height=\"681\" src=\"https:\/\/mli5vqtizrdu.i.optimole.com\/w:1024\/h:681\/q:eco\/f:best\/http:\/\/coupdecoeurvoyage.com\/wp-content\/uploads\/2021\/01\/PuyMary.jpg\" alt=\"Puy Mary\" class=\"wp-image-1319\" old-srcset=\"https:\/\/mli5vqtizrdu.i.optimole.com\/w:1024\/h:681\/q:mauto\/f:best\/https:\/\/coupdecoeurvoyage.com\/wp-content\/uploads\/2021\/01\/PuyMary.jpg 1024w, https:\/\/mli5vqtizrdu.i.optimole.com\/w:300\/h:199\/q:mauto\/f:best\/https:\/\/coupdecoeurvoyage.com\/wp-content\/uploads\/2021\/01\/PuyMary.jpg 300w, https:\/\/mli5vqtizrdu.i.optimole.com\/w:768\/h:511\/q:mauto\/f:best\/https:\/\/coupdecoeurvoyage.com\/wp-content\/uploads\/2021\/01\/PuyMary.jpg 768w, https:\/\/mli5vqtizrdu.i.optimole.com\/w:1504\/h:1000\/q:mauto\/f:best\/https:\/\/coupdecoeurvoyage.com\/wp-content\/uploads\/2021\/01\/PuyMary.jpg 1504w\" \/><noscript><img data-opt-id=261795406  loading=\"lazy\" decoding=\"async\" width=\"1024\" height=\"681\" src=\"https:\/\/mli5vqtizrdu.i.optimole.com\/w:1024\/h:681\/q:mauto\/f:best\/http:\/\/coupdecoeurvoyage.com\/wp-content\/uploads\/2021\/01\/PuyMary.jpg\" alt=\"Puy Mary\" class=\"wp-image-1319\" srcset=\"https:\/\/mli5vqtizrdu.i.optimole.com\/w:1024\/h:681\/q:mauto\/f:best\/https:\/\/coupdecoeurvoyage.com\/wp-content\/uploads\/2021\/01\/PuyMary.jpg 1024w, https:\/\/mli5vqtizrdu.i.optimole.com\/w:300\/h:199\/q:mauto\/f:best\/https:\/\/coupdecoeurvoyage.com\/wp-content\/uploads\/2021\/01\/PuyMary.jpg 300w, https:\/\/mli5vqtizrdu.i.optimole.com\/w:768\/h:511\/q:mauto\/f:best\/https:\/\/coupdecoeurvoyage.com\/wp-content\/uploads\/2021\/01\/PuyMary.jpg 768w, https:\/\/mli5vqtizrdu.i.optimole.com\/w:1504\/h:1000\/q:mauto\/f:best\/https:\/\/coupdecoeurvoyage.com\/wp-content\/uploads\/2021\/01\/PuyMary.jpg 1504w\" sizes=\"(max-width: 1024px) 100vw, 1024px\" \/></noscript><\/a><figcaption>Puy Mary<\/figcaption><\/figure>\n<\/div>\n\n\n\n<div class=\"wp-block-column is-layout-flow wp-block-column-is-layout-flow\">\n<figure class=\"wp-block-image size-large is-style-rounded\"><a href=\"salers\"><img data-opt-id=1976494191  data-opt-src=\"https:\/\/mli5vqtizrdu.i.optimole.com\/w:1024\/h:681\/q:mauto\/f:best\/https:\/\/coupdecoeurvoyage.com\/wp-content\/uploads\/2021\/01\/Salers.jpg\"  loading=\"lazy\" decoding=\"async\" width=\"1024\" height=\"681\" src=\"https:\/\/mli5vqtizrdu.i.optimole.com\/w:1024\/h:681\/q:eco\/f:best\/https:\/\/coupdecoeurvoyage.com\/wp-content\/uploads\/2021\/01\/Salers.jpg\" alt=\"Salers\" class=\"wp-image-1320\"\/><noscript><img data-opt-id=1976494191  loading=\"lazy\" decoding=\"async\" width=\"1024\" height=\"681\" src=\"https:\/\/mli5vqtizrdu.i.optimole.com\/w:1024\/h:681\/q:mauto\/f:best\/https:\/\/coupdecoeurvoyage.com\/wp-content\/uploads\/2021\/01\/Salers.jpg\" alt=\"Salers\" class=\"wp-image-1320\"\/></noscript><\/a><figcaption>Salers<\/figcaption><\/figure>\n<\/div>\n<\/div>\n\n\n\n<div class=\"wp-block-columns is-layout-flex wp-container-core-columns-is-layout-9d6595d7 wp-block-columns-is-layout-flex\">\n<div class=\"wp-block-column is-layout-flow wp-block-column-is-layout-flow\">\n<figure class=\"wp-block-image size-large is-style-rounded\"><a href=\"plomb-du-cantal\"><img data-opt-id=1504492752  data-opt-src=\"https:\/\/mli5vqtizrdu.i.optimole.com\/w:1024\/h:681\/q:mauto\/f:best\/http:\/\/coupdecoeurvoyage.com\/wp-content\/uploads\/2021\/01\/PlombCantal.jpg\"  loading=\"lazy\" decoding=\"async\" width=\"1024\" height=\"681\" src=\"https:\/\/mli5vqtizrdu.i.optimole.com\/w:1024\/h:681\/q:eco\/f:best\/http:\/\/coupdecoeurvoyage.com\/wp-content\/uploads\/2021\/01\/PlombCantal.jpg\" alt=\"Plomb du Cantal\" class=\"wp-image-1313\" old-srcset=\"https:\/\/mli5vqtizrdu.i.optimole.com\/w:1024\/h:681\/q:mauto\/f:best\/https:\/\/coupdecoeurvoyage.com\/wp-content\/uploads\/2021\/01\/PlombCantal.jpg 1024w, https:\/\/mli5vqtizrdu.i.optimole.com\/w:300\/h:199\/q:mauto\/f:best\/https:\/\/coupdecoeurvoyage.com\/wp-content\/uploads\/2021\/01\/PlombCantal.jpg 300w, https:\/\/mli5vqtizrdu.i.optimole.com\/w:768\/h:511\/q:mauto\/f:best\/https:\/\/coupdecoeurvoyage.com\/wp-content\/uploads\/2021\/01\/PlombCantal.jpg 768w, https:\/\/mli5vqtizrdu.i.optimole.com\/w:1504\/h:1000\/q:mauto\/f:best\/https:\/\/coupdecoeurvoyage.com\/wp-content\/uploads\/2021\/01\/PlombCantal.jpg 1504w\" \/><noscript><img data-opt-id=1504492752  loading=\"lazy\" decoding=\"async\" width=\"1024\" height=\"681\" src=\"https:\/\/mli5vqtizrdu.i.optimole.com\/w:1024\/h:681\/q:mauto\/f:best\/http:\/\/coupdecoeurvoyage.com\/wp-content\/uploads\/2021\/01\/PlombCantal.jpg\" alt=\"Plomb du Cantal\" class=\"wp-image-1313\" srcset=\"https:\/\/mli5vqtizrdu.i.optimole.com\/w:1024\/h:681\/q:mauto\/f:best\/https:\/\/coupdecoeurvoyage.com\/wp-content\/uploads\/2021\/01\/PlombCantal.jpg 1024w, https:\/\/mli5vqtizrdu.i.optimole.com\/w:300\/h:199\/q:mauto\/f:best\/https:\/\/coupdecoeurvoyage.com\/wp-content\/uploads\/2021\/01\/PlombCantal.jpg 300w, https:\/\/mli5vqtizrdu.i.optimole.com\/w:768\/h:511\/q:mauto\/f:best\/https:\/\/coupdecoeurvoyage.com\/wp-content\/uploads\/2021\/01\/PlombCantal.jpg 768w, https:\/\/mli5vqtizrdu.i.optimole.com\/w:1504\/h:1000\/q:mauto\/f:best\/https:\/\/coupdecoeurvoyage.com\/wp-content\/uploads\/2021\/01\/PlombCantal.jpg 1504w\" sizes=\"(max-width: 1024px) 100vw, 1024px\" \/></noscript><\/a><figcaption>Plomb du Cantal<\/figcaption><\/figure>\n<\/div>\n\n\n\n<div class=\"wp-block-column is-layout-flow wp-block-column-is-layout-flow\">\n<figure class=\"wp-block-image size-large is-style-rounded\"><a href=\"puy-en-velay\"><img data-opt-id=1336330762  data-opt-src=\"https:\/\/mli5vqtizrdu.i.optimole.com\/w:1024\/h:681\/q:mauto\/f:best\/http:\/\/coupdecoeurvoyage.com\/wp-content\/uploads\/2021\/01\/PuyenVelay.jpg\"  loading=\"lazy\" decoding=\"async\" width=\"1024\" height=\"681\" src=\"https:\/\/mli5vqtizrdu.i.optimole.com\/w:1024\/h:681\/q:eco\/f:best\/http:\/\/coupdecoeurvoyage.com\/wp-content\/uploads\/2021\/01\/PuyenVelay.jpg\" alt=\"Puy-en-Velay\" class=\"wp-image-1318\"\/><noscript><img data-opt-id=1336330762  loading=\"lazy\" decoding=\"async\" width=\"1024\" height=\"681\" src=\"https:\/\/mli5vqtizrdu.i.optimole.com\/w:1024\/h:681\/q:mauto\/f:best\/http:\/\/coupdecoeurvoyage.com\/wp-content\/uploads\/2021\/01\/PuyenVelay.jpg\" alt=\"Puy-en-Velay\" class=\"wp-image-1318\"\/></noscript><\/a><figcaption>Puy-en-Velay<\/figcaption><\/figure>\n<\/div>\n\n\n\n<div class=\"wp-block-column is-layout-flow wp-block-column-is-layout-flow\">\n<figure class=\"wp-block-image size-large is-style-rounded\"><a href=\"forteresse-de-polignac\"><img data-opt-id=181987407  data-opt-src=\"https:\/\/mli5vqtizrdu.i.optimole.com\/w:1024\/h:681\/q:mauto\/f:best\/http:\/\/coupdecoeurvoyage.com\/wp-content\/uploads\/2021\/01\/Polignac.jpg\"  loading=\"lazy\" decoding=\"async\" width=\"1024\" height=\"681\" src=\"https:\/\/mli5vqtizrdu.i.optimole.com\/w:1024\/h:681\/q:eco\/f:best\/http:\/\/coupdecoeurvoyage.com\/wp-content\/uploads\/2021\/01\/Polignac.jpg\" alt=\"Polignac\" class=\"wp-image-1314\" old-srcset=\"https:\/\/mli5vqtizrdu.i.optimole.com\/w:1024\/h:681\/q:mauto\/f:best\/https:\/\/coupdecoeurvoyage.com\/wp-content\/uploads\/2021\/01\/Polignac.jpg 1024w, https:\/\/mli5vqtizrdu.i.optimole.com\/w:300\/h:199\/q:mauto\/f:best\/https:\/\/coupdecoeurvoyage.com\/wp-content\/uploads\/2021\/01\/Polignac.jpg 300w, https:\/\/mli5vqtizrdu.i.optimole.com\/w:768\/h:511\/q:mauto\/f:best\/https:\/\/coupdecoeurvoyage.com\/wp-content\/uploads\/2021\/01\/Polignac.jpg 768w, https:\/\/mli5vqtizrdu.i.optimole.com\/w:1504\/h:1000\/q:mauto\/f:best\/https:\/\/coupdecoeurvoyage.com\/wp-content\/uploads\/2021\/01\/Polignac.jpg 1504w\" \/><noscript><img data-opt-id=181987407  loading=\"lazy\" decoding=\"async\" width=\"1024\" height=\"681\" src=\"https:\/\/mli5vqtizrdu.i.optimole.com\/w:1024\/h:681\/q:mauto\/f:best\/http:\/\/coupdecoeurvoyage.com\/wp-content\/uploads\/2021\/01\/Polignac.jpg\" alt=\"Polignac\" class=\"wp-image-1314\" srcset=\"https:\/\/mli5vqtizrdu.i.optimole.com\/w:1024\/h:681\/q:mauto\/f:best\/https:\/\/coupdecoeurvoyage.com\/wp-content\/uploads\/2021\/01\/Polignac.jpg 1024w, https:\/\/mli5vqtizrdu.i.optimole.com\/w:300\/h:199\/q:mauto\/f:best\/https:\/\/coupdecoeurvoyage.com\/wp-content\/uploads\/2021\/01\/Polignac.jpg 300w, https:\/\/mli5vqtizrdu.i.optimole.com\/w:768\/h:511\/q:mauto\/f:best\/https:\/\/coupdecoeurvoyage.com\/wp-content\/uploads\/2021\/01\/Polignac.jpg 768w, https:\/\/mli5vqtizrdu.i.optimole.com\/w:1504\/h:1000\/q:mauto\/f:best\/https:\/\/coupdecoeurvoyage.com\/wp-content\/uploads\/2021\/01\/Polignac.jpg 1504w\" sizes=\"(max-width: 1024px) 100vw, 1024px\" \/></noscript><\/a><figcaption>Forteresse de Polignac<\/figcaption><\/figure>\n<\/div>\n<\/div>\n\n\n\n<hr class=\"wp-block-separator\"\/>\n\n\n\n<p><em><span class=\"has-inline-color has-nv-c-1-color\">recommandation pour les randonn\u00e9es : Auvergne &#8211; ROTHER Guide de randonn\u00e9es<\/span><\/em><\/p>\n","protected":false},"excerpt":{"rendered":"<p>Terre de volcans, l&rsquo;Auvergne n&rsquo;est malgr\u00e9 cela pas le 1er choix de vacances d&rsquo;\u00e9t\u00e9 en France. Elle plaira pourtant aux amoureux de la nature avides d&rsquo;une montagne accessible. recommandation pour les randonn\u00e9es : Auvergne &#8211; ROTHER Guide de randonn\u00e9es<\/p>\n","protected":false},"author":1,"featured_media":0,"parent":1333,"menu_order":0,"comment_status":"closed","ping_status":"closed","template":"","meta":{"neve_meta_sidebar":"full-width","neve_meta_container":"","neve_meta_enable_content_width":"on","neve_meta_content_width":100,"neve_meta_title_alignment":"","neve_meta_author_avatar":"","neve_post_elements_order":"","neve_meta_disable_header":"","neve_meta_disable_footer":"","neve_meta_disable_title":"","_themeisle_gutenberg_block_has_review":false,"footnotes":""},"class_list":["post-1353","page","type-page","status-publish","hentry"],"jetpack_sharing_enabled":true,"_links":{"self":[{"href":"https:\/\/coupdecoeurvoyage.com\/index.php\/wp-json\/wp\/v2\/pages\/1353","targetHints":{"allow":["GET"]}}],"collection":[{"href":"https:\/\/coupdecoeurvoyage.com\/index.php\/wp-json\/wp\/v2\/pages"}],"about":[{"href":"https:\/\/coupdecoeurvoyage.com\/index.php\/wp-json\/wp\/v2\/types\/page"}],"author":[{"embeddable":true,"href":"https:\/\/coupdecoeurvoyage.com\/index.php\/wp-json\/wp\/v2\/users\/1"}],"replies":[{"embeddable":true,"href":"https:\/\/coupdecoeurvoyage.com\/index.php\/wp-json\/wp\/v2\/comments?post=1353"}],"version-history":[{"count":27,"href":"https:\/\/coupdecoeurvoyage.com\/index.php\/wp-json\/wp\/v2\/pages\/1353\/revisions"}],"predecessor-version":[{"id":3269,"href":"https:\/\/coupdecoeurvoyage.com\/index.php\/wp-json\/wp\/v2\/pages\/1353\/revisions\/3269"}],"up":[{"embeddable":true,"href":"https:\/\/coupdecoeurvoyage.com\/index.php\/wp-json\/wp\/v2\/pages\/1333"}],"wp:attachment":[{"href":"https:\/\/coupdecoeurvoyage.com\/index.php\/wp-json\/wp\/v2\/media?parent=1353"}],"curies":[{"name":"wp","href":"https:\/\/api.w.org\/{rel}","templated":true}]}}