{"id":1676,"date":"2021-02-07T17:08:25","date_gmt":"2021-02-07T17:08:25","guid":{"rendered":"http:\/\/coupdecoeurvoyage.com\/?page_id=1676"},"modified":"2021-02-16T19:09:08","modified_gmt":"2021-02-16T19:09:08","slug":"selon-vos-envies","status":"publish","type":"page","link":"https:\/\/coupdecoeurvoyage.com\/index.php\/selon-vos-envies\/","title":{"rendered":"Selon vos envies"},"content":{"rendered":"<form role=\"search\" method=\"get\" action=\"https:\/\/coupdecoeurvoyage.com\/\" class=\"wp-block-search__button-outside wp-block-search__text-button wp-block-search\"    ><label class=\"wp-block-search__label\" for=\"wp-block-search__input-1\" >Recherche<\/label><div class=\"wp-block-search__inside-wrapper\"  style=\"width: 585px\"><input class=\"wp-block-search__input\" id=\"wp-block-search__input-1\" placeholder=\"\" value=\"\" type=\"search\" name=\"s\" required \/><button aria-label=\"GO\" class=\"wp-block-search__button wp-element-button\" type=\"submit\" >GO<\/button><\/div><\/form>\n\n<p class=\"wp-block-tag-cloud\"><a href=\"https:\/\/coupdecoeurvoyage.com\/index.php\/tag\/abbaye\/\" class=\"tag-cloud-link tag-link-65 tag-link-position-1\" style=\"font-size: 9.6153846153846pt;\" aria-label=\"abbaye (3 \u00e9l\u00e9ments)\">abbaye<\/a>\n<a href=\"https:\/\/coupdecoeurvoyage.com\/index.php\/tag\/animaux\/\" class=\"tag-cloud-link tag-link-60 tag-link-position-2\" style=\"font-size: 12.038461538462pt;\" aria-label=\"animaux (5 \u00e9l\u00e9ments)\">animaux<\/a>\n<a href=\"https:\/\/coupdecoeurvoyage.com\/index.php\/tag\/architecture\/\" class=\"tag-cloud-link tag-link-21 tag-link-position-3\" style=\"font-size: 18.769230769231pt;\" aria-label=\"architecture (18 \u00e9l\u00e9ments)\">architecture<\/a>\n<a href=\"https:\/\/coupdecoeurvoyage.com\/index.php\/tag\/art-de-vivre\/\" class=\"tag-cloud-link tag-link-120 tag-link-position-4\" style=\"font-size: 8pt;\" aria-label=\"art de vivre (2 \u00e9l\u00e9ments)\">art de vivre<\/a>\n<a href=\"https:\/\/coupdecoeurvoyage.com\/index.php\/tag\/attraction\/\" class=\"tag-cloud-link tag-link-37 tag-link-position-5\" style=\"font-size: 12.038461538462pt;\" aria-label=\"attraction (5 \u00e9l\u00e9ments)\">attraction<\/a>\n<a href=\"https:\/\/coupdecoeurvoyage.com\/index.php\/tag\/bateau\/\" class=\"tag-cloud-link tag-link-68 tag-link-position-6\" style=\"font-size: 15pt;\" aria-label=\"bateau (9 \u00e9l\u00e9ments)\">bateau<\/a>\n<a href=\"https:\/\/coupdecoeurvoyage.com\/index.php\/tag\/biere\/\" class=\"tag-cloud-link tag-link-31 tag-link-position-7\" style=\"font-size: 9.6153846153846pt;\" aria-label=\"bi\u00e8re (3 \u00e9l\u00e9ments)\">bi\u00e8re<\/a>\n<a href=\"https:\/\/coupdecoeurvoyage.com\/index.php\/tag\/beguinage\/\" class=\"tag-cloud-link tag-link-53 tag-link-position-8\" style=\"font-size: 9.6153846153846pt;\" aria-label=\"b\u00e9guinage (3 \u00e9l\u00e9ments)\">b\u00e9guinage<\/a>\n<a href=\"https:\/\/coupdecoeurvoyage.com\/index.php\/tag\/canaux\/\" class=\"tag-cloud-link tag-link-55 tag-link-position-9\" style=\"font-size: 10.961538461538pt;\" aria-label=\"canaux (4 \u00e9l\u00e9ments)\">canaux<\/a>\n<a href=\"https:\/\/coupdecoeurvoyage.com\/index.php\/tag\/cascade\/\" class=\"tag-cloud-link tag-link-104 tag-link-position-10\" style=\"font-size: 8pt;\" aria-label=\"cascade (2 \u00e9l\u00e9ments)\">cascade<\/a>\n<a href=\"https:\/\/coupdecoeurvoyage.com\/index.php\/tag\/charme\/\" class=\"tag-cloud-link tag-link-77 tag-link-position-11\" style=\"font-size: 20.384615384615pt;\" aria-label=\"charme (24 \u00e9l\u00e9ments)\">charme<\/a>\n<a href=\"https:\/\/coupdecoeurvoyage.com\/index.php\/tag\/chateau\/\" class=\"tag-cloud-link tag-link-32 tag-link-position-12\" style=\"font-size: 16.480769230769pt;\" aria-label=\"ch\u00e2teau (12 \u00e9l\u00e9ments)\">ch\u00e2teau<\/a>\n<a href=\"https:\/\/coupdecoeurvoyage.com\/index.php\/tag\/couleurs\/\" class=\"tag-cloud-link tag-link-107 tag-link-position-13\" style=\"font-size: 8pt;\" aria-label=\"couleurs (2 \u00e9l\u00e9ments)\">couleurs<\/a>\n<a href=\"https:\/\/coupdecoeurvoyage.com\/index.php\/tag\/denivele\/\" class=\"tag-cloud-link tag-link-52 tag-link-position-14\" style=\"font-size: 17.692307692308pt;\" aria-label=\"d\u00e9nivel\u00e9 (15 \u00e9l\u00e9ments)\">d\u00e9nivel\u00e9<\/a>\n<a href=\"https:\/\/coupdecoeurvoyage.com\/index.php\/tag\/famille\/\" class=\"tag-cloud-link tag-link-39 tag-link-position-15\" style=\"font-size: 15.538461538462pt;\" aria-label=\"famille (10 \u00e9l\u00e9ments)\">famille<\/a>\n<a href=\"https:\/\/coupdecoeurvoyage.com\/index.php\/tag\/foret\/\" class=\"tag-cloud-link tag-link-27 tag-link-position-16\" style=\"font-size: 9.6153846153846pt;\" aria-label=\"for\u00eat (3 \u00e9l\u00e9ments)\">for\u00eat<\/a>\n<a href=\"https:\/\/coupdecoeurvoyage.com\/index.php\/tag\/gastronomie\/\" class=\"tag-cloud-link tag-link-80 tag-link-position-17\" style=\"font-size: 10.961538461538pt;\" aria-label=\"gastronomie (4 \u00e9l\u00e9ments)\">gastronomie<\/a>\n<a href=\"https:\/\/coupdecoeurvoyage.com\/index.php\/tag\/jardin\/\" class=\"tag-cloud-link tag-link-111 tag-link-position-18\" style=\"font-size: 9.6153846153846pt;\" aria-label=\"jardin (3 \u00e9l\u00e9ments)\">jardin<\/a>\n<a href=\"https:\/\/coupdecoeurvoyage.com\/index.php\/tag\/lac\/\" class=\"tag-cloud-link tag-link-64 tag-link-position-19\" style=\"font-size: 12.980769230769pt;\" aria-label=\"lac (6 \u00e9l\u00e9ments)\">lac<\/a>\n<a href=\"https:\/\/coupdecoeurvoyage.com\/index.php\/tag\/maison\/\" class=\"tag-cloud-link tag-link-84 tag-link-position-20\" style=\"font-size: 9.6153846153846pt;\" aria-label=\"maison (3 \u00e9l\u00e9ments)\">maison<\/a>\n<a href=\"https:\/\/coupdecoeurvoyage.com\/index.php\/tag\/mer\/\" class=\"tag-cloud-link tag-link-88 tag-link-position-21\" style=\"font-size: 15.538461538462pt;\" aria-label=\"mer (10 \u00e9l\u00e9ments)\">mer<\/a>\n<a href=\"https:\/\/coupdecoeurvoyage.com\/index.php\/tag\/merveille\/\" class=\"tag-cloud-link tag-link-67 tag-link-position-22\" style=\"font-size: 12.980769230769pt;\" aria-label=\"merveille (6 \u00e9l\u00e9ments)\">merveille<\/a>\n<a href=\"https:\/\/coupdecoeurvoyage.com\/index.php\/tag\/montagne\/\" class=\"tag-cloud-link tag-link-75 tag-link-position-23\" style=\"font-size: 12.980769230769pt;\" aria-label=\"montagne (6 \u00e9l\u00e9ments)\">montagne<\/a>\n<a href=\"https:\/\/coupdecoeurvoyage.com\/index.php\/tag\/musee\/\" class=\"tag-cloud-link tag-link-34 tag-link-position-24\" style=\"font-size: 14.326923076923pt;\" aria-label=\"mus\u00e9e (8 \u00e9l\u00e9ments)\">mus\u00e9e<\/a>\n<a href=\"https:\/\/coupdecoeurvoyage.com\/index.php\/tag\/parc\/\" class=\"tag-cloud-link tag-link-33 tag-link-position-25\" style=\"font-size: 12.980769230769pt;\" aria-label=\"parc (6 \u00e9l\u00e9ments)\">parc<\/a>\n<a href=\"https:\/\/coupdecoeurvoyage.com\/index.php\/tag\/parc-national\/\" class=\"tag-cloud-link tag-link-63 tag-link-position-26\" style=\"font-size: 14.326923076923pt;\" aria-label=\"parc national (8 \u00e9l\u00e9ments)\">parc national<\/a>\n<a href=\"https:\/\/coupdecoeurvoyage.com\/index.php\/tag\/place\/\" class=\"tag-cloud-link tag-link-91 tag-link-position-27\" style=\"font-size: 12.038461538462pt;\" aria-label=\"place (5 \u00e9l\u00e9ments)\">place<\/a>\n<a href=\"https:\/\/coupdecoeurvoyage.com\/index.php\/tag\/plage\/\" class=\"tag-cloud-link tag-link-89 tag-link-position-28\" style=\"font-size: 14.326923076923pt;\" aria-label=\"plage (8 \u00e9l\u00e9ments)\">plage<\/a>\n<a href=\"https:\/\/coupdecoeurvoyage.com\/index.php\/tag\/pointdevue\/\" class=\"tag-cloud-link tag-link-30 tag-link-position-29\" style=\"font-size: 19.576923076923pt;\" aria-label=\"point de vue (21 \u00e9l\u00e9ments)\">point de vue<\/a>\n<a href=\"https:\/\/coupdecoeurvoyage.com\/index.php\/tag\/promenade\/\" class=\"tag-cloud-link tag-link-38 tag-link-position-30\" style=\"font-size: 17.019230769231pt;\" aria-label=\"promenade (13 \u00e9l\u00e9ments)\">promenade<\/a>\n<a href=\"https:\/\/coupdecoeurvoyage.com\/index.php\/tag\/randonnee\/\" class=\"tag-cloud-link tag-link-28 tag-link-position-31\" style=\"font-size: 22pt;\" aria-label=\"randonn\u00e9e (32 \u00e9l\u00e9ments)\">randonn\u00e9e<\/a>\n<a href=\"https:\/\/coupdecoeurvoyage.com\/index.php\/tag\/remparts\/\" class=\"tag-cloud-link tag-link-92 tag-link-position-32\" style=\"font-size: 9.6153846153846pt;\" aria-label=\"remparts (3 \u00e9l\u00e9ments)\">remparts<\/a>\n<a href=\"https:\/\/coupdecoeurvoyage.com\/index.php\/tag\/riviere\/\" class=\"tag-cloud-link tag-link-94 tag-link-position-33\" style=\"font-size: 10.961538461538pt;\" aria-label=\"rivi\u00e8re (4 \u00e9l\u00e9ments)\">rivi\u00e8re<\/a>\n<a href=\"https:\/\/coupdecoeurvoyage.com\/index.php\/tag\/rocher\/\" class=\"tag-cloud-link tag-link-29 tag-link-position-34\" style=\"font-size: 19.576923076923pt;\" aria-label=\"rocher (21 \u00e9l\u00e9ments)\">rocher<\/a>\n<a href=\"https:\/\/coupdecoeurvoyage.com\/index.php\/tag\/ruines\/\" class=\"tag-cloud-link tag-link-66 tag-link-position-35\" style=\"font-size: 9.6153846153846pt;\" aria-label=\"ruines (3 \u00e9l\u00e9ments)\">ruines<\/a>\n<a href=\"https:\/\/coupdecoeurvoyage.com\/index.php\/tag\/streetart\/\" class=\"tag-cloud-link tag-link-54 tag-link-position-36\" style=\"font-size: 9.6153846153846pt;\" aria-label=\"street art (3 \u00e9l\u00e9ments)\">street art<\/a>\n<a href=\"https:\/\/coupdecoeurvoyage.com\/index.php\/tag\/temple\/\" class=\"tag-cloud-link tag-link-97 tag-link-position-37\" style=\"font-size: 9.6153846153846pt;\" aria-label=\"temple (3 \u00e9l\u00e9ments)\">temple<\/a>\n<a href=\"https:\/\/coupdecoeurvoyage.com\/index.php\/tag\/vieux-quartier\/\" class=\"tag-cloud-link tag-link-90 tag-link-position-38\" style=\"font-size: 9.6153846153846pt;\" aria-label=\"vieux quartier (3 \u00e9l\u00e9ments)\">vieux quartier<\/a>\n<a href=\"https:\/\/coupdecoeurvoyage.com\/index.php\/tag\/village\/\" class=\"tag-cloud-link tag-link-79 tag-link-position-39\" style=\"font-size: 12.038461538462pt;\" aria-label=\"village (5 \u00e9l\u00e9ments)\">village<\/a>\n<a href=\"https:\/\/coupdecoeurvoyage.com\/index.php\/tag\/ville\/\" class=\"tag-cloud-link tag-link-40 tag-link-position-40\" style=\"font-size: 20.115384615385pt;\" aria-label=\"ville (23 \u00e9l\u00e9ments)\">ville<\/a>\n<a href=\"https:\/\/coupdecoeurvoyage.com\/index.php\/tag\/vin\/\" class=\"tag-cloud-link tag-link-121 tag-link-position-41\" style=\"font-size: 8pt;\" aria-label=\"vin (2 \u00e9l\u00e9ments)\">vin<\/a>\n<a href=\"https:\/\/coupdecoeurvoyage.com\/index.php\/tag\/volcan\/\" class=\"tag-cloud-link tag-link-70 tag-link-position-42\" style=\"font-size: 14.326923076923pt;\" aria-label=\"volcan (8 \u00e9l\u00e9ments)\">volcan<\/a>\n<a href=\"https:\/\/coupdecoeurvoyage.com\/index.php\/tag\/velo\/\" class=\"tag-cloud-link tag-link-25 tag-link-position-43\" style=\"font-size: 12.038461538462pt;\" aria-label=\"v\u00e9lo (5 \u00e9l\u00e9ments)\">v\u00e9lo<\/a>\n<a href=\"https:\/\/coupdecoeurvoyage.com\/index.php\/tag\/edifice-religieux\/\" class=\"tag-cloud-link tag-link-85 tag-link-position-44\" style=\"font-size: 13.653846153846pt;\" aria-label=\"\u00e9difice religieux (7 \u00e9l\u00e9ments)\">\u00e9difice religieux<\/a>\n<a href=\"https:\/\/coupdecoeurvoyage.com\/index.php\/tag\/ile\/\" class=\"tag-cloud-link tag-link-61 tag-link-position-45\" style=\"font-size: 12.038461538462pt;\" aria-label=\"\u00eele (5 \u00e9l\u00e9ments)\">\u00eele<\/a><\/p>\n\n\n<hr class=\"wp-block-separator\"\/>\n\n\n\n<div class=\"wp-block-columns is-layout-flex wp-container-core-columns-is-layout-9d6595d7 wp-block-columns-is-layout-flex\">\n<div class=\"wp-block-column is-layout-flow wp-block-column-is-layout-flow\">\n<figure class=\"wp-block-image size-large ticss-c7255e66\"><img data-opt-id=1604050308  fetchpriority=\"high\" decoding=\"async\" width=\"680\" height=\"1024\" src=\"https:\/\/mli5vqtizrdu.i.optimole.com\/w:680\/h:1024\/q:mauto\/f:best\/http:\/\/coupdecoeurvoyage.com\/wp-content\/uploads\/2021\/02\/clem_angkor.jpg\" alt=\"Clem Angkor\" class=\"wp-image-2068\" srcset=\"https:\/\/mli5vqtizrdu.i.optimole.com\/w:680\/h:1024\/q:mauto\/f:best\/https:\/\/coupdecoeurvoyage.com\/wp-content\/uploads\/2021\/02\/clem_angkor.jpg 680w, https:\/\/mli5vqtizrdu.i.optimole.com\/w:199\/h:300\/q:mauto\/f:best\/https:\/\/coupdecoeurvoyage.com\/wp-content\/uploads\/2021\/02\/clem_angkor.jpg 199w, https:\/\/mli5vqtizrdu.i.optimole.com\/w:717\/h:1080\/q:mauto\/f:best\/https:\/\/coupdecoeurvoyage.com\/wp-content\/uploads\/2021\/02\/clem_angkor.jpg 768w, https:\/\/mli5vqtizrdu.i.optimole.com\/w:717\/h:1080\/q:mauto\/f:best\/https:\/\/coupdecoeurvoyage.com\/wp-content\/uploads\/2021\/02\/clem_angkor.jpg 800w\" sizes=\"(max-width: 680px) 100vw, 680px\" \/><figcaption>Angkor, Cambodge<\/figcaption><\/figure>\n<\/div>\n\n\n\n<div class=\"wp-block-column is-layout-flow wp-block-column-is-layout-flow\">\n<figure class=\"wp-block-image size-large ticss-ce8a07c9\"><img data-opt-id=1623269886  fetchpriority=\"high\" decoding=\"async\" width=\"680\" height=\"1024\" src=\"https:\/\/mli5vqtizrdu.i.optimole.com\/w:680\/h:1024\/q:mauto\/f:best\/http:\/\/coupdecoeurvoyage.com\/wp-content\/uploads\/2021\/02\/clem_nicaragua.jpg\" alt=\"Cerro Negro\" class=\"wp-image-2071\" srcset=\"https:\/\/mli5vqtizrdu.i.optimole.com\/w:680\/h:1024\/q:mauto\/f:best\/https:\/\/coupdecoeurvoyage.com\/wp-content\/uploads\/2021\/02\/clem_nicaragua.jpg 680w, https:\/\/mli5vqtizrdu.i.optimole.com\/w:199\/h:300\/q:mauto\/f:best\/https:\/\/coupdecoeurvoyage.com\/wp-content\/uploads\/2021\/02\/clem_nicaragua.jpg 199w, https:\/\/mli5vqtizrdu.i.optimole.com\/w:717\/h:1080\/q:mauto\/f:best\/https:\/\/coupdecoeurvoyage.com\/wp-content\/uploads\/2021\/02\/clem_nicaragua.jpg 768w, https:\/\/mli5vqtizrdu.i.optimole.com\/w:717\/h:1080\/q:mauto\/f:best\/https:\/\/coupdecoeurvoyage.com\/wp-content\/uploads\/2021\/02\/clem_nicaragua.jpg 800w\" sizes=\"(max-width: 680px) 100vw, 680px\" \/><figcaption>Cerro Negro, Nicaragua<\/figcaption><\/figure>\n\n\n\n<p><\/p>\n<\/div>\n<\/div>\n","protected":false},"excerpt":{"rendered":"","protected":false},"author":1,"featured_media":0,"parent":0,"menu_order":0,"comment_status":"closed","ping_status":"closed","template":"","meta":{"neve_meta_sidebar":"full-width","neve_meta_container":"","neve_meta_enable_content_width":"on","neve_meta_content_width":100,"neve_meta_title_alignment":"","neve_meta_author_avatar":"","neve_post_elements_order":"","neve_meta_disable_header":"","neve_meta_disable_footer":"","neve_meta_disable_title":"","_themeisle_gutenberg_block_has_review":false,"footnotes":""},"class_list":["post-1676","page","type-page","status-publish","hentry"],"jetpack_sharing_enabled":true,"_links":{"self":[{"href":"https:\/\/coupdecoeurvoyage.com\/index.php\/wp-json\/wp\/v2\/pages\/1676","targetHints":{"allow":["GET"]}}],"collection":[{"href":"https:\/\/coupdecoeurvoyage.com\/index.php\/wp-json\/wp\/v2\/pages"}],"about":[{"href":"https:\/\/coupdecoeurvoyage.com\/index.php\/wp-json\/wp\/v2\/types\/page"}],"author":[{"embeddable":true,"href":"https:\/\/coupdecoeurvoyage.com\/index.php\/wp-json\/wp\/v2\/users\/1"}],"replies":[{"embeddable":true,"href":"https:\/\/coupdecoeurvoyage.com\/index.php\/wp-json\/wp\/v2\/comments?post=1676"}],"version-history":[{"count":16,"href":"https:\/\/coupdecoeurvoyage.com\/index.php\/wp-json\/wp\/v2\/pages\/1676\/revisions"}],"predecessor-version":[{"id":2078,"href":"https:\/\/coupdecoeurvoyage.com\/index.php\/wp-json\/wp\/v2\/pages\/1676\/revisions\/2078"}],"wp:attachment":[{"href":"https:\/\/coupdecoeurvoyage.com\/index.php\/wp-json\/wp\/v2\/media?parent=1676"}],"curies":[{"name":"wp","href":"https:\/\/api.w.org\/{rel}","templated":true}]}}