{"id":2002,"date":"2021-02-16T16:02:42","date_gmt":"2021-02-16T16:02:42","guid":{"rendered":"http:\/\/coupdecoeurvoyage.com\/?page_id=2002"},"modified":"2025-02-28T05:13:37","modified_gmt":"2025-02-28T05:13:37","slug":"a-propos","status":"publish","type":"page","link":"https:\/\/coupdecoeurvoyage.com\/index.php\/a-propos\/","title":{"rendered":"A propos"},"content":{"rendered":"\n<div class=\"wp-block-columns is-layout-flex wp-container-core-columns-is-layout-9d6595d7 wp-block-columns-is-layout-flex\">\n<div class=\"wp-block-column is-layout-flow wp-block-column-is-layout-flow\">\n<p>Bonjour,<\/p>\n\n\n\n<p>Si vous \u00eates arriv\u00e9s sur cette page, c&rsquo;est que vous vous demandez qui je suis ou pourquoi je compose ce blog. Je vais essayer de r\u00e9pondre \u00e0 ces questions.<\/p>\n\n\n\n<p>Je m&rsquo;appelle Cl\u00e9mentine, j&rsquo;ai 32 ans, je g\u00e8re des projets informatiques, j&rsquo;aime le sport et la cuisine, mais surtout les belles aventures. La folie du voyage m&rsquo;a vraiment gagn\u00e9 quand j&rsquo;ai commenc\u00e9 \u00e0 travailler. Je n&rsquo;avais pas vraiment eu l&rsquo;occasion de voyager pendant mes \u00e9tudes, mais depuis, je me suis bien rattrap\u00e9e! Chaque ann\u00e9e, j&rsquo;essaye de faire un grand voyage o\u00f9 je pars \u00e0 l&rsquo;autre bout du monde, et un plus petit en Europe. Durant les weekends, ou s&rsquo;il me reste quelques jours de cong\u00e9s, je pars explorer la Belgique, ou les chouettes coins proches de celle-ci.<\/p>\n\n\n\n<p>Chaque fois que je pars en voyage, j&rsquo;aime bien organiser et planifier un minimum celui-ci. Il se pose alors toujours la question des endroits \u00e0 visiter, des incontournables \u00e0 ne pas manquer. Et ce n&rsquo;est pas si \u00e9vident que \u00e7a de faire les bons choix. Et en fait, m\u00eame quand on veut improviser une journ\u00e9e en Belgique, je trouve que ce n&rsquo;est pas toujours facile de trouver un bel endroit \u00e0 d\u00e9couvrir ou une chouette randonn\u00e9e \u00e0 faire pas trop loin de chez soi. C&rsquo;est sur cette premi\u00e8re id\u00e9e g\u00e9n\u00e9rale qu&rsquo;est n\u00e9 ce blog voyage. Vous pouvez le voir comme un recueil d&rsquo;id\u00e9es voyage organis\u00e9es par pays ou par r\u00e9gion. Ce sont des coups de c\u0153urs, donc des inspirations qui ne devraient pas vous d\u00e9cevoir! Passez du temps \u00e0 appr\u00e9cier l&rsquo;art chaque jour pour cultiver vos sentiments.<\/p>\n\n\n\n<p>Ce blog me permet aussi de garder des photos, mais surtout une trace \u00e9crite de toutes ces belles d\u00e9couvertes (et oui pass\u00e9 30 ans, la m\u00e9moire commence \u00e0 flancher \ud83d\ude09 ) . Je le vois aussi comme un lieu de conseil pour mes amis qui souhaitent partir l\u00e0 o\u00f9 je suis d\u00e9j\u00e0 all\u00e9e, ou comme un espace de discussion pour ceux qui pr\u00e9f\u00e8rent rester chez eux, mais avec qui je peux partager le bonheur du voyage.<\/p>\n<\/div>\n\n\n\n<div class=\"wp-block-column is-layout-flow wp-block-column-is-layout-flow\">\n<figure class=\"wp-block-image size-large ticss-4d067fbe\"><img data-opt-id=407301576  fetchpriority=\"high\" decoding=\"async\" width=\"681\" height=\"1024\" src=\"https:\/\/mli5vqtizrdu.i.optimole.com\/w:681\/h:1024\/q:mauto\/f:best\/http:\/\/coupdecoeurvoyage.com\/wp-content\/uploads\/2021\/02\/Clem_bagan.jpg\" alt=\"Bagan\" class=\"wp-image-2056\" srcset=\"https:\/\/mli5vqtizrdu.i.optimole.com\/w:681\/h:1024\/q:mauto\/f:best\/https:\/\/coupdecoeurvoyage.com\/wp-content\/uploads\/2021\/02\/Clem_bagan.jpg 681w, https:\/\/mli5vqtizrdu.i.optimole.com\/w:200\/h:300\/q:mauto\/f:best\/https:\/\/coupdecoeurvoyage.com\/wp-content\/uploads\/2021\/02\/Clem_bagan.jpg 200w, https:\/\/mli5vqtizrdu.i.optimole.com\/w:718\/h:1080\/q:mauto\/f:best\/https:\/\/coupdecoeurvoyage.com\/wp-content\/uploads\/2021\/02\/Clem_bagan.jpg 768w, https:\/\/mli5vqtizrdu.i.optimole.com\/w:718\/h:1080\/q:mauto\/f:best\/https:\/\/coupdecoeurvoyage.com\/wp-content\/uploads\/2021\/02\/Clem_bagan.jpg 816w\" sizes=\"(max-width: 681px) 100vw, 681px\" \/><figcaption class=\"wp-element-caption\">Bagan, Birmanie<\/figcaption><\/figure>\n<\/div>\n<\/div>\n\n\n\n<div class=\"wp-block-columns is-layout-flex wp-container-core-columns-is-layout-9d6595d7 wp-block-columns-is-layout-flex\">\n<div class=\"wp-block-column is-layout-flow wp-block-column-is-layout-flow\">\n<figure class=\"wp-block-image size-large ticss-79142a21\"><a href=\"torres-del-paine\"><img data-opt-id=260446758  fetchpriority=\"high\" decoding=\"async\" width=\"681\" height=\"1024\" src=\"https:\/\/mli5vqtizrdu.i.optimole.com\/w:681\/h:1024\/q:mauto\/f:best\/http:\/\/coupdecoeurvoyage.com\/wp-content\/uploads\/2021\/02\/Chili_apropos.jpg\" alt=\"Cl\u00e9mentine - Torres del Paine\" class=\"wp-image-2003\" srcset=\"https:\/\/mli5vqtizrdu.i.optimole.com\/w:681\/h:1024\/q:mauto\/f:best\/https:\/\/coupdecoeurvoyage.com\/wp-content\/uploads\/2021\/02\/Chili_apropos.jpg 681w, https:\/\/mli5vqtizrdu.i.optimole.com\/w:199\/h:300\/q:mauto\/f:best\/https:\/\/coupdecoeurvoyage.com\/wp-content\/uploads\/2021\/02\/Chili_apropos.jpg 199w, https:\/\/mli5vqtizrdu.i.optimole.com\/w:718\/h:1080\/q:mauto\/f:best\/https:\/\/coupdecoeurvoyage.com\/wp-content\/uploads\/2021\/02\/Chili_apropos.jpg 768w, https:\/\/mli5vqtizrdu.i.optimole.com\/w:718\/h:1080\/q:mauto\/f:best\/https:\/\/coupdecoeurvoyage.com\/wp-content\/uploads\/2021\/02\/Chili_apropos.jpg 1000w\" sizes=\"(max-width: 681px) 100vw, 681px\" \/><\/a><figcaption class=\"wp-element-caption\">Torres del paine, Chili<\/figcaption><\/figure>\n<\/div>\n\n\n\n<div class=\"wp-block-column is-layout-flow wp-block-column-is-layout-flow\">\n<p>Ne voyez pas ce blog comme une liste exhaustive des endroits \u00e0 visiter dans un pays. Tout d&rsquo;abord parce qu&rsquo;il est impossible de tout connaitre, mais aussi parce que je n&rsquo;ai souvent pas visit\u00e9 tout le pays (il faudrait que vous r\u00e9clamiez \u00e0 mon chef plus de cong\u00e9s pour cela \ud83d\ude42 ).<\/p>\n\n\n\n<p>Je mets en valeur parfois plus une localit\u00e9 dans sa globalit\u00e9, parfois plus un spot sp\u00e9cifique qui m&rsquo;a vraiment plus. Dans tous les cas, l&rsquo;article correspondant sera en fonction plus pr\u00e9cis ou plus ouvert. Cet article est sponsoris\u00e9 par nos partenaires <a href=\"https:\/\/www.high-endrolex.com\/\">Wigs<\/a><\/p>\n\n\n\n<p>Durant la lecture d&rsquo;un article, ne vous attendez cependant pas \u00e0 1000 explications et conseils pratiques, ou \u00e0 plein de bons plans restaurant ou logement. Je le r\u00e9p\u00e8te, mon but est avant tout de vous partager mes coups de c\u0153ur, sans pr\u00e9tentions, afin de vous donner simplement l&rsquo;envie d&rsquo;y aller \u00e0 votre tour. Des sites sp\u00e9cialis\u00e9s sur le sujet pourront ensuite vous donner toutes les informations n\u00e9cessaires. Notez tout de m\u00eame que si je mentionne un logement ou un restaurant, c&rsquo;est que c&rsquo;est vraiment du lourd! Et si je vous partage une proposition d\u2019itin\u00e9raire ou un conseil sur un transport ou sur une agence, c&rsquo;est que cela me parait vraiment utile.<\/p>\n\n\n\n<p>Pour les randonn\u00e9es, j&rsquo;essaye de publier au minimum un trac\u00e9 g\u00e9n\u00e9ral, et je vous redirige souvent vers un site sp\u00e9cialis\u00e9. C&rsquo;est vrai qu&rsquo;il n&rsquo;y a rien de pire que d&rsquo;avoir une belle description d&rsquo;une randonn\u00e9e, et d\u2019ensuite ne pas trouver le ficher gpx !<\/p>\n\n\n\n<p>Mes articles sont \u00e9crits avec le \u00ab\u00a0je\u00a0\u00bb ou le \u00ab\u00a0nous\u00a0\u00bb. Ne vous en formalisez pas. Les souvenirs qui restent sont bien ceux qui sont partag\u00e9s. Je voyage pour ma part le plus souvent avec ma s\u0153ur ou avec des amis. <\/p>\n\n\n\n<p>Bonne visite!<\/p>\n<\/div>\n<\/div>\n\n\n\n<p><\/p>\n","protected":false},"excerpt":{"rendered":"<p>Bonjour, Si vous \u00eates arriv\u00e9s sur cette page, c&rsquo;est que vous vous demandez qui je suis ou pourquoi je compose ce blog. Je vais essayer de r\u00e9pondre \u00e0 ces questions. Je m&rsquo;appelle Cl\u00e9mentine, j&rsquo;ai 32 ans, je g\u00e8re des projets informatiques, j&rsquo;aime le sport et la cuisine, mais surtout les belles aventures. La folie du&hellip;&nbsp;<a href=\"https:\/\/coupdecoeurvoyage.com\/index.php\/a-propos\/\" class=\"\" rel=\"bookmark\">Lire la suite &raquo;<span class=\"screen-reader-text\">A propos<\/span><\/a><\/p>\n","protected":false},"author":1,"featured_media":0,"parent":0,"menu_order":0,"comment_status":"closed","ping_status":"closed","template":"","meta":{"neve_meta_sidebar":"full-width","neve_meta_container":"","neve_meta_enable_content_width":"on","neve_meta_content_width":100,"neve_meta_title_alignment":"","neve_meta_author_avatar":"","neve_post_elements_order":"","neve_meta_disable_header":"","neve_meta_disable_footer":"","neve_meta_disable_title":"","_themeisle_gutenberg_block_has_review":false,"footnotes":""},"class_list":["post-2002","page","type-page","status-publish","hentry"],"jetpack_sharing_enabled":true,"_links":{"self":[{"href":"https:\/\/coupdecoeurvoyage.com\/index.php\/wp-json\/wp\/v2\/pages\/2002","targetHints":{"allow":["GET"]}}],"collection":[{"href":"https:\/\/coupdecoeurvoyage.com\/index.php\/wp-json\/wp\/v2\/pages"}],"about":[{"href":"https:\/\/coupdecoeurvoyage.com\/index.php\/wp-json\/wp\/v2\/types\/page"}],"author":[{"embeddable":true,"href":"https:\/\/coupdecoeurvoyage.com\/index.php\/wp-json\/wp\/v2\/users\/1"}],"replies":[{"embeddable":true,"href":"https:\/\/coupdecoeurvoyage.com\/index.php\/wp-json\/wp\/v2\/comments?post=2002"}],"version-history":[{"count":47,"href":"https:\/\/coupdecoeurvoyage.com\/index.php\/wp-json\/wp\/v2\/pages\/2002\/revisions"}],"predecessor-version":[{"id":4090,"href":"https:\/\/coupdecoeurvoyage.com\/index.php\/wp-json\/wp\/v2\/pages\/2002\/revisions\/4090"}],"wp:attachment":[{"href":"https:\/\/coupdecoeurvoyage.com\/index.php\/wp-json\/wp\/v2\/media?parent=2002"}],"curies":[{"name":"wp","href":"https:\/\/api.w.org\/{rel}","templated":true}]}}